{"id":29,"date":"2025-10-29T11:04:30","date_gmt":"2025-10-29T10:04:30","guid":{"rendered":"https:\/\/sallesadvocats.com\/?page_id=29"},"modified":"2026-01-15T17:16:01","modified_gmt":"2026-01-15T16:16:01","slug":"formacio-i-assessorament-empresarial","status":"publish","type":"page","link":"https:\/\/sallesadvocats.com\/es\/formacio-i-assessorament-empresarial\/","title":{"rendered":"Formaci\u00f3n y asesoramiento empresarial"},"content":{"rendered":"<div data-elementor-type=\"wp-page\" data-elementor-id=\"29\" class=\"elementor elementor-29\" data-elementor-post-type=\"page\">\n\t\t\t\t<div class=\"elementor-element elementor-element-da87fe7 e-flex e-con-boxed e-con e-parent\" data-id=\"da87fe7\" data-element_type=\"container\" data-settings=\"{&quot;background_background&quot;:&quot;classic&quot;}\">\n\t\t\t\t\t<div class=\"e-con-inner\">\n\t\t\t\t<div class=\"elementor-element elementor-element-e12c336 elementor-widget elementor-widget-heading\" data-id=\"e12c336\" data-element_type=\"widget\" data-widget_type=\"heading.default\">\n\t\t\t\t\t<h2 class=\"elementor-heading-title elementor-size-default\">Formaci\u00f3n y asesoramiento empresarial<\/h2>\t\t\t\t<\/div>\n\t\t\t\t\t<\/div>\n\t\t\t\t<\/div>\n\t\t<div class=\"elementor-element elementor-element-82aa507 e-flex e-con-boxed e-con e-parent\" data-id=\"82aa507\" data-element_type=\"container\" data-settings=\"{&quot;background_background&quot;:&quot;classic&quot;}\">\n\t\t\t\t\t<div class=\"e-con-inner\">\n\t\t\t\t<div class=\"elementor-element elementor-element-36d6bd8 elementor-widget elementor-widget-text-editor\" data-id=\"36d6bd8\" data-element_type=\"widget\" data-widget_type=\"text-editor.default\">\n\t\t\t\t\t\t\t\t\t<p data-start=\"385\" data-end=\"715\">El conocimiento jur\u00eddico es una herramienta esencial para tomar decisiones s\u00f3lidas y sostenibles dentro de cualquier organizaci\u00f3n.<br data-start=\"505\" data-end=\"508\" \/>Por ello, desde el despacho ofrecemos formaci\u00f3n y asesoramiento especializado para empresas, orientado a mejorar la gesti\u00f3n legal, prevenir riesgos y reforzar la seguridad jur\u00eddica en el d\u00eda a d\u00eda corporativo.<\/p><p data-start=\"717\" data-end=\"966\">Con una trayectoria de m\u00e1s de 25 a\u00f1os en el \u00e1mbito del Derecho Mercantil, Internacional y Tecnol\u00f3gico, combinamos la pr\u00e1ctica profesional con la labor formativa, para transmitir un conocimiento aplicado, actualizado y adaptado a la realidad de cada empresa.<\/p>\t\t\t\t\t\t\t\t<\/div>\n\t\t\t\t\t<\/div>\n\t\t\t\t<\/div>\n\t\t<div class=\"elementor-element elementor-element-77e3f5e e-flex e-con-boxed e-con e-parent\" data-id=\"77e3f5e\" data-element_type=\"container\">\n\t\t\t\t\t<div class=\"e-con-inner\">\n\t\t<div class=\"elementor-element elementor-element-7b65b9a e-con-full e-flex e-con e-child\" data-id=\"7b65b9a\" data-element_type=\"container\">\n\t\t\t\t<div class=\"elementor-element elementor-element-7f3ed0e elementor-widget elementor-widget-heading\" data-id=\"7f3ed0e\" data-element_type=\"widget\" data-widget_type=\"heading.default\">\n\t\t\t\t\t<h2 class=\"elementor-heading-title elementor-size-default\">Asesoramiento jur\u00eddico estrat\u00e9gico para empresas<\/h2>\t\t\t\t<\/div>\n\t\t\t\t<div class=\"elementor-element elementor-element-c7159f8 elementor-widget elementor-widget-text-editor\" data-id=\"c7159f8\" data-element_type=\"widget\" data-widget_type=\"text-editor.default\">\n\t\t\t\t\t\t\t\t\t<p data-start=\"1033\" data-end=\"1299\">Cada empresa tiene necesidades jur\u00eddicas diferentes seg\u00fan su tama\u00f1o, estructura y actividad.<br data-start=\"1131\" data-end=\"1134\" \/>Por ello ofrecemos un asesoramiento personalizado en cuestiones clave del Derecho Empresarial, con el objetivo de facilitar la toma de decisiones y reducir riesgos legales.<\/p><p data-start=\"1301\" data-end=\"1343\">Los principales \u00e1mbitos de actuaci\u00f3n incluyen:<\/p><ul data-start=\"1345\" data-end=\"1867\"><li data-start=\"1345\" data-end=\"1486\"><p data-start=\"1347\" data-end=\"1486\">Derecho mercantil y societario: constituci\u00f3n de empresas, redacci\u00f3n de estatutos, pactos de socios, ampliaciones de capital y otras operaciones.<\/p><\/li><li data-start=\"1487\" data-end=\"1593\"><p data-start=\"1489\" data-end=\"1593\">Contrataci\u00f3n comercial: redacci\u00f3n y revisi\u00f3n de contratos con clientes, proveedores o colaboradores.<\/p><\/li><li data-start=\"1594\" data-end=\"1691\"><p data-start=\"1596\" data-end=\"1691\">Cumplimiento normativo (compliance): elaboraci\u00f3n de protocolos internos, c\u00f3digo \u00e9tico y pol\u00edticas corporativas.<\/p><\/li><li data-start=\"1692\" data-end=\"1810\"><p data-start=\"1694\" data-end=\"1810\">Protecci\u00f3n de datos y Derecho digital: adaptaci\u00f3n al RGPD, pol\u00edticas de privacidad y uso correcto de la informaci\u00f3n.<\/p><\/li><li data-start=\"1811\" data-end=\"1867\"><p data-start=\"1813\" data-end=\"1867\">Gesti\u00f3n de riesgos legales y prevenci\u00f3n de conflictos.<\/p><\/li><\/ul><p data-start=\"1869\" data-end=\"2045\">Este asesoramiento puede ser puntual o continuado, seg\u00fan las necesidades de la empresa, con el objetivo de garantizar una actuaci\u00f3n coherente, segura y conforme al marco legal vigente.<\/p>\t\t\t\t\t\t\t\t<\/div>\n\t\t\t\t<\/div>\n\t\t\t\t\t<\/div>\n\t\t\t\t<\/div>\n\t\t<div class=\"elementor-element elementor-element-d86904a e-flex e-con-boxed e-con e-parent\" data-id=\"d86904a\" data-element_type=\"container\" data-settings=\"{&quot;background_background&quot;:&quot;classic&quot;}\">\n\t\t\t\t\t<div class=\"e-con-inner\">\n\t\t\t\t<div class=\"elementor-element elementor-element-cee6ba7 elementor-widget elementor-widget-heading\" data-id=\"cee6ba7\" data-element_type=\"widget\" data-widget_type=\"heading.default\">\n\t\t\t\t\t<h2 class=\"elementor-heading-title elementor-size-default\">El conocimiento es la mejor herramienta para evitar riesgos\ne impulsar el crecimiento empresarial con garant\u00edas jur\u00eddicas.<\/h2>\t\t\t\t<\/div>\n\t\t\t\t\t<\/div>\n\t\t\t\t<\/div>\n\t\t<div class=\"elementor-element elementor-element-48f2703 e-flex e-con-boxed e-con e-parent\" data-id=\"48f2703\" data-element_type=\"container\" data-settings=\"{&quot;background_background&quot;:&quot;classic&quot;}\">\n\t\t\t\t\t<div class=\"e-con-inner\">\n\t\t\t\t<div class=\"elementor-element elementor-element-e19740f elementor-widget elementor-widget-heading\" data-id=\"e19740f\" data-element_type=\"widget\" data-widget_type=\"heading.default\">\n\t\t\t\t\t<h2 class=\"elementor-heading-title elementor-size-default\">Formaci\u00f3n jur\u00eddica a medida<\/h2>\t\t\t\t<\/div>\n\t\t\t\t<div class=\"elementor-element elementor-element-82f4905 elementor-widget elementor-widget-text-editor\" data-id=\"82f4905\" data-element_type=\"widget\" data-widget_type=\"text-editor.default\">\n\t\t\t\t\t\t\t\t\t<p data-start=\"2089\" data-end=\"2362\">La formaci\u00f3n es clave para prevenir problemas y consolidar una cultura corporativa basada en el conocimiento y la responsabilidad.<br data-start=\"2215\" data-end=\"2218\" \/>Impartimos sesiones formativas a medida para empresas, entidades y colectivos profesionales, adaptadas a su sector y nivel de conocimiento.<\/p><p data-start=\"2364\" data-end=\"2436\">Los contenidos se adaptan a cada organizaci\u00f3n y pueden incluir temas como:<\/p><ul data-start=\"2438\" data-end=\"2721\"><li data-start=\"2438\" data-end=\"2494\"><p data-start=\"2440\" data-end=\"2494\">Protecci\u00f3n de datos y seguridad de la informaci\u00f3n.<\/p><\/li><li data-start=\"2495\" data-end=\"2556\"><p data-start=\"2497\" data-end=\"2556\">Contrataci\u00f3n mercantil y buenas pr\u00e1cticas comerciales.<\/p><\/li><li data-start=\"2557\" data-end=\"2602\"><p data-start=\"2559\" data-end=\"2602\">Derecho internacional y comercio exterior.<\/p><\/li><li data-start=\"2603\" data-end=\"2667\"><p data-start=\"2605\" data-end=\"2667\">Responsabilidad de la empresa y de sus administradores.<\/p><\/li><li data-start=\"2668\" data-end=\"2721\"><p data-start=\"2670\" data-end=\"2721\">Propiedad intelectual y uso de activos digitales.<\/p><\/li><\/ul><p data-start=\"2723\" data-end=\"2877\">Cada sesi\u00f3n se dise\u00f1a con un enfoque pr\u00e1ctico, orientado a resolver dudas reales y facilitar la aplicaci\u00f3n inmediata de los conceptos en la gesti\u00f3n diaria.<\/p>\t\t\t\t\t\t\t\t<\/div>\n\t\t\t\t\t<\/div>\n\t\t\t\t<\/div>\n\t\t<div class=\"elementor-element elementor-element-4748923 e-flex e-con-boxed e-con e-parent\" data-id=\"4748923\" data-element_type=\"container\">\n\t\t\t\t\t<div class=\"e-con-inner\">\n\t\t\t\t<div class=\"elementor-element elementor-element-c47169b elementor-widget elementor-widget-heading\" data-id=\"c47169b\" data-element_type=\"widget\" data-widget_type=\"heading.default\">\n\t\t\t\t\t<h2 class=\"elementor-heading-title elementor-size-default\">Colaboraciones institucionales y docencia<\/h2>\t\t\t\t<\/div>\n\t\t\t\t<div class=\"elementor-element elementor-element-ea132cd elementor-widget elementor-widget-text-editor\" data-id=\"ea132cd\" data-element_type=\"widget\" data-widget_type=\"text-editor.default\">\n\t\t\t\t\t\t\t\t\t<p data-start=\"2743\" data-end=\"3118\">A lo largo de nuestra trayectoria hemos colaborado como formadores y ponentes en entidades como la patronal Cecot, C\u00e1maras de Comercio y otras instituciones profesionales, impartiendo cursos y seminarios sobre Derecho Mercantil, Comercio Internacional y Protecci\u00f3n de Datos.<br data-start=\"3205\" data-end=\"3208\" \/>Estas colaboraciones refuerzan nuestro compromiso con la difusi\u00f3n del conocimiento jur\u00eddico y con una formaci\u00f3n pr\u00e1ctica orientada a empresas y emprendedores.<\/p>\t\t\t\t\t\t\t\t<\/div>\n\t\t\t\t\t<\/div>\n\t\t\t\t<\/div>\n\t\t<div class=\"elementor-element elementor-element-61af70d e-flex e-con-boxed e-con e-parent\" data-id=\"61af70d\" data-element_type=\"container\" data-settings=\"{&quot;background_background&quot;:&quot;classic&quot;}\">\n\t\t\t\t\t<div class=\"e-con-inner\">\n\t\t<div class=\"elementor-element elementor-element-b96bcc5 e-con-full e-flex e-con e-child\" data-id=\"b96bcc5\" data-element_type=\"container\" data-settings=\"{&quot;background_background&quot;:&quot;classic&quot;}\">\n\t\t\t\t<div class=\"elementor-element elementor-element-3b8f23c elementor-widget__width-initial elementor-widget elementor-widget-heading\" data-id=\"3b8f23c\" data-element_type=\"widget\" data-widget_type=\"heading.default\">\n\t\t\t\t\t<h4 class=\"elementor-heading-title elementor-size-default\">Conocimiento para crecer con seguridad<\/h4>\t\t\t\t<\/div>\n\t\t\t\t<div class=\"elementor-element elementor-element-581577b elementor-widget__width-initial elementor-widget elementor-widget-text-editor\" data-id=\"581577b\" data-element_type=\"widget\" data-widget_type=\"text-editor.default\">\n\t\t\t\t\t\t\t\t\t<p>Formar y asesorar es m\u00e1s que transmitir informaci\u00f3n: es ayudar a las empresas a comprender el marco legal que las rodea y a actuar con previsi\u00f3n y confianza.<br data-start=\"3569\" data-end=\"3572\" \/>Nuestro compromiso es ofrecer una visi\u00f3n clara, t\u00e9cnica y humana del Derecho, adaptada a las necesidades de cada cliente.<\/p>\t\t\t\t\t\t\t\t<\/div>\n\t\t\t\t<\/div>\n\t\t<div class=\"elementor-element elementor-element-eef0cb1 e-con-full e-flex e-con e-child\" data-id=\"eef0cb1\" data-element_type=\"container\">\n\t\t\t\t<div class=\"elementor-element elementor-element-cb9070f elementor-align-center elementor-tablet-align-center elementor-widget elementor-widget-button\" data-id=\"cb9070f\" data-element_type=\"widget\" data-widget_type=\"button.default\">\n\t\t\t\t\t\t\t\t\t\t<a class=\"elementor-button elementor-button-link elementor-size-sm\" href=\"https:\/\/sallesadvocats.com\/es\/contacte\/\">\n\t\t\t\t\t\t<span class=\"elementor-button-content-wrapper\">\n\t\t\t\t\t\t<span class=\"elementor-button-icon\">\n\t\t\t\t<i aria-hidden=\"true\" class=\"rtmicon rtmicon-arrow-long-right\"><\/i>\t\t\t<\/span>\n\t\t\t\t\t\t\t\t\t<span class=\"elementor-button-text\">Hablemos<\/span>\n\t\t\t\t\t<\/span>\n\t\t\t\t\t<\/a>\n\t\t\t\t\t\t\t\t<\/div>\n\t\t\t\t<\/div>\n\t\t\t\t\t<\/div>\n\t\t\t\t<\/div>\n\t\t\t\t<\/div>","protected":false},"excerpt":{"rendered":"<p>El coneixement jur\u00eddic \u00e9s una eina essencial per prendre decisions s\u00f2lides i sostenibles dins de qualsevol organitzaci\u00f3.Per aix\u00f2, des del despatx oferim formaci\u00f3 i assessorament especialitzat per a empreses, orientat a millorar la gesti\u00f3 legal, prevenir riscos i refor\u00e7ar la seguretat jur\u00eddica en el dia a dia corporatiu. Amb una traject\u00f2ria de m\u00e9s de 25 [&hellip;]<\/p>","protected":false},"author":2,"featured_media":0,"parent":0,"menu_order":0,"comment_status":"closed","ping_status":"closed","template":"elementor_header_footer","meta":{"footnotes":""},"class_list":["post-29","page","type-page","status-publish","hentry"],"yoast_head":"<!-- This site is optimized with the Yoast SEO plugin v26.3 - https:\/\/yoast.com\/wordpress\/plugins\/seo\/ -->\n<title>Formaci\u00f3 i assessorament empresarial - SallesAdvocats.Com<\/title>\n<meta name=\"robots\" content=\"index, follow, max-snippet:-1, max-image-preview:large, max-video-preview:-1\" \/>\n<link rel=\"canonical\" href=\"https:\/\/sallesadvocats.com\/es\/formacio-i-assessorament-empresarial\/\" \/>\n<meta property=\"og:locale\" content=\"es_ES\" \/>\n<meta property=\"og:type\" content=\"article\" \/>\n<meta property=\"og:title\" content=\"Formaci\u00f3 i assessorament empresarial - SallesAdvocats.Com\" \/>\n<meta property=\"og:description\" content=\"El coneixement jur\u00eddic \u00e9s una eina essencial per prendre decisions s\u00f2lides i sostenibles dins de qualsevol organitzaci\u00f3.Per aix\u00f2, des del despatx oferim formaci\u00f3 i assessorament especialitzat per a empreses, orientat a millorar la gesti\u00f3 legal, prevenir riscos i refor\u00e7ar la seguretat jur\u00eddica en el dia a dia corporatiu. Amb una traject\u00f2ria de m\u00e9s de 25 [&hellip;]\" \/>\n<meta property=\"og:url\" content=\"https:\/\/sallesadvocats.com\/es\/formacio-i-assessorament-empresarial\/\" \/>\n<meta property=\"og:site_name\" content=\"SallesAdvocats.Com\" \/>\n<meta property=\"article:modified_time\" content=\"2026-01-15T16:16:01+00:00\" \/>\n<meta name=\"twitter:card\" content=\"summary_large_image\" \/>\n<meta name=\"twitter:label1\" content=\"Tiempo de lectura\" \/>\n\t<meta name=\"twitter:data1\" content=\"3 minutos\" \/>\n<script type=\"application\/ld+json\" class=\"yoast-schema-graph\">{\"@context\":\"https:\/\/schema.org\",\"@graph\":[{\"@type\":\"WebPage\",\"@id\":\"https:\/\/sallesadvocats.com\/formacio-i-assessorament-empresarial\/\",\"url\":\"https:\/\/sallesadvocats.com\/formacio-i-assessorament-empresarial\/\",\"name\":\"Formaci\u00f3 i assessorament empresarial - SallesAdvocats.Com\",\"isPartOf\":{\"@id\":\"https:\/\/sallesadvocats.com\/#website\"},\"datePublished\":\"2025-10-29T10:04:30+00:00\",\"dateModified\":\"2026-01-15T16:16:01+00:00\",\"breadcrumb\":{\"@id\":\"https:\/\/sallesadvocats.com\/formacio-i-assessorament-empresarial\/#breadcrumb\"},\"inLanguage\":\"es\",\"potentialAction\":[{\"@type\":\"ReadAction\",\"target\":[\"https:\/\/sallesadvocats.com\/formacio-i-assessorament-empresarial\/\"]}]},{\"@type\":\"BreadcrumbList\",\"@id\":\"https:\/\/sallesadvocats.com\/formacio-i-assessorament-empresarial\/#breadcrumb\",\"itemListElement\":[{\"@type\":\"ListItem\",\"position\":1,\"name\":\"Portada\",\"item\":\"https:\/\/sallesadvocats.com\/\"},{\"@type\":\"ListItem\",\"position\":2,\"name\":\"Formaci\u00f3 i assessorament empresarial\"}]},{\"@type\":\"WebSite\",\"@id\":\"https:\/\/sallesadvocats.com\/#website\",\"url\":\"https:\/\/sallesadvocats.com\/\",\"name\":\"SallesAdvocats.Com\",\"description\":\"\",\"publisher\":{\"@id\":\"https:\/\/sallesadvocats.com\/#organization\"},\"potentialAction\":[{\"@type\":\"SearchAction\",\"target\":{\"@type\":\"EntryPoint\",\"urlTemplate\":\"https:\/\/sallesadvocats.com\/?s={search_term_string}\"},\"query-input\":{\"@type\":\"PropertyValueSpecification\",\"valueRequired\":true,\"valueName\":\"search_term_string\"}}],\"inLanguage\":\"es\"},{\"@type\":\"Organization\",\"@id\":\"https:\/\/sallesadvocats.com\/#organization\",\"name\":\"SallesAdvocats.Com\",\"url\":\"https:\/\/sallesadvocats.com\/\",\"logo\":{\"@type\":\"ImageObject\",\"inLanguage\":\"es\",\"@id\":\"https:\/\/sallesadvocats.com\/#\/schema\/logo\/image\/\",\"url\":\"https:\/\/sallesadvocats.com\/wp-content\/uploads\/2025\/10\/LOGO-ASV-BLAU.jpg\",\"contentUrl\":\"https:\/\/sallesadvocats.com\/wp-content\/uploads\/2025\/10\/LOGO-ASV-BLAU.jpg\",\"width\":1048,\"height\":1654,\"caption\":\"SallesAdvocats.Com\"},\"image\":{\"@id\":\"https:\/\/sallesadvocats.com\/#\/schema\/logo\/image\/\"}}]}<\/script>\n<!-- \/ Yoast SEO plugin. -->","yoast_head_json":{"title":"Formaci\u00f3 i assessorament empresarial - SallesAdvocats.Com","robots":{"index":"index","follow":"follow","max-snippet":"max-snippet:-1","max-image-preview":"max-image-preview:large","max-video-preview":"max-video-preview:-1"},"canonical":"https:\/\/sallesadvocats.com\/es\/formacio-i-assessorament-empresarial\/","og_locale":"es_ES","og_type":"article","og_title":"Formaci\u00f3 i assessorament empresarial - SallesAdvocats.Com","og_description":"El coneixement jur\u00eddic \u00e9s una eina essencial per prendre decisions s\u00f2lides i sostenibles dins de qualsevol organitzaci\u00f3.Per aix\u00f2, des del despatx oferim formaci\u00f3 i assessorament especialitzat per a empreses, orientat a millorar la gesti\u00f3 legal, prevenir riscos i refor\u00e7ar la seguretat jur\u00eddica en el dia a dia corporatiu. Amb una traject\u00f2ria de m\u00e9s de 25 [&hellip;]","og_url":"https:\/\/sallesadvocats.com\/es\/formacio-i-assessorament-empresarial\/","og_site_name":"SallesAdvocats.Com","article_modified_time":"2026-01-15T16:16:01+00:00","twitter_card":"summary_large_image","twitter_misc":{"Tiempo de lectura":"3 minutos"},"schema":{"@context":"https:\/\/schema.org","@graph":[{"@type":"WebPage","@id":"https:\/\/sallesadvocats.com\/formacio-i-assessorament-empresarial\/","url":"https:\/\/sallesadvocats.com\/formacio-i-assessorament-empresarial\/","name":"Formaci\u00f3 i assessorament empresarial - SallesAdvocats.Com","isPartOf":{"@id":"https:\/\/sallesadvocats.com\/#website"},"datePublished":"2025-10-29T10:04:30+00:00","dateModified":"2026-01-15T16:16:01+00:00","breadcrumb":{"@id":"https:\/\/sallesadvocats.com\/formacio-i-assessorament-empresarial\/#breadcrumb"},"inLanguage":"es","potentialAction":[{"@type":"ReadAction","target":["https:\/\/sallesadvocats.com\/formacio-i-assessorament-empresarial\/"]}]},{"@type":"BreadcrumbList","@id":"https:\/\/sallesadvocats.com\/formacio-i-assessorament-empresarial\/#breadcrumb","itemListElement":[{"@type":"ListItem","position":1,"name":"Portada","item":"https:\/\/sallesadvocats.com\/"},{"@type":"ListItem","position":2,"name":"Formaci\u00f3 i assessorament empresarial"}]},{"@type":"WebSite","@id":"https:\/\/sallesadvocats.com\/#website","url":"https:\/\/sallesadvocats.com\/","name":"SallesAdvocats.Com","description":"","publisher":{"@id":"https:\/\/sallesadvocats.com\/#organization"},"potentialAction":[{"@type":"SearchAction","target":{"@type":"EntryPoint","urlTemplate":"https:\/\/sallesadvocats.com\/?s={search_term_string}"},"query-input":{"@type":"PropertyValueSpecification","valueRequired":true,"valueName":"search_term_string"}}],"inLanguage":"es"},{"@type":"Organization","@id":"https:\/\/sallesadvocats.com\/#organization","name":"SallesAdvocats.Com","url":"https:\/\/sallesadvocats.com\/","logo":{"@type":"ImageObject","inLanguage":"es","@id":"https:\/\/sallesadvocats.com\/#\/schema\/logo\/image\/","url":"https:\/\/sallesadvocats.com\/wp-content\/uploads\/2025\/10\/LOGO-ASV-BLAU.jpg","contentUrl":"https:\/\/sallesadvocats.com\/wp-content\/uploads\/2025\/10\/LOGO-ASV-BLAU.jpg","width":1048,"height":1654,"caption":"SallesAdvocats.Com"},"image":{"@id":"https:\/\/sallesadvocats.com\/#\/schema\/logo\/image\/"}}]}},"_links":{"self":[{"href":"https:\/\/sallesadvocats.com\/es\/wp-json\/wp\/v2\/pages\/29","targetHints":{"allow":["GET"]}}],"collection":[{"href":"https:\/\/sallesadvocats.com\/es\/wp-json\/wp\/v2\/pages"}],"about":[{"href":"https:\/\/sallesadvocats.com\/es\/wp-json\/wp\/v2\/types\/page"}],"author":[{"embeddable":true,"href":"https:\/\/sallesadvocats.com\/es\/wp-json\/wp\/v2\/users\/2"}],"replies":[{"embeddable":true,"href":"https:\/\/sallesadvocats.com\/es\/wp-json\/wp\/v2\/comments?post=29"}],"version-history":[{"count":52,"href":"https:\/\/sallesadvocats.com\/es\/wp-json\/wp\/v2\/pages\/29\/revisions"}],"predecessor-version":[{"id":1015,"href":"https:\/\/sallesadvocats.com\/es\/wp-json\/wp\/v2\/pages\/29\/revisions\/1015"}],"wp:attachment":[{"href":"https:\/\/sallesadvocats.com\/es\/wp-json\/wp\/v2\/media?parent=29"}],"curies":[{"name":"wp","href":"https:\/\/api.w.org\/{rel}","templated":true}]}}