{"id":779,"date":"2025-11-06T13:00:49","date_gmt":"2025-11-06T12:00:49","guid":{"rendered":"https:\/\/sallesadvocats.com\/?page_id=779"},"modified":"2026-01-14T17:09:22","modified_gmt":"2026-01-14T16:09:22","slug":"politica-de-privacitat","status":"publish","type":"page","link":"https:\/\/sallesadvocats.com\/es\/politica-de-privacitat\/","title":{"rendered":"Pol\u00edtica de privacidad"},"content":{"rendered":"<div data-elementor-type=\"wp-page\" data-elementor-id=\"779\" class=\"elementor elementor-779\" data-elementor-post-type=\"page\">\n\t\t\t\t<div class=\"elementor-element elementor-element-68f7bf7 e-flex e-con-boxed e-con e-parent\" data-id=\"68f7bf7\" data-element_type=\"container\" data-settings=\"{&quot;background_background&quot;:&quot;classic&quot;}\">\n\t\t\t\t\t<div class=\"e-con-inner\">\n\t\t\t\t<div class=\"elementor-element elementor-element-a4faafe elementor-widget elementor-widget-heading\" data-id=\"a4faafe\" data-element_type=\"widget\" data-widget_type=\"heading.default\">\n\t\t\t\t\t<h2 class=\"elementor-heading-title elementor-size-default\">Pol\u00edtica de privacidad<\/h2>\t\t\t\t<\/div>\n\t\t\t\t\t<\/div>\n\t\t\t\t<\/div>\n\t\t<div class=\"elementor-element elementor-element-c24b48d e-flex e-con-boxed e-con e-parent\" data-id=\"c24b48d\" data-element_type=\"container\">\n\t\t\t\t\t<div class=\"e-con-inner\">\n\t\t\t\t<div class=\"elementor-element elementor-element-c386cca elementor-widget elementor-widget-text-editor\" data-id=\"c386cca\" data-element_type=\"widget\" data-widget_type=\"text-editor.default\">\n\t\t\t\t\t\t\t\t\t<p>Ens comprometem a realitzar els m\u00e0xims esfor\u00e7os per complir en tot moment en relaci\u00f3 amb els tractaments de dades que realitzi, amb la legislaci\u00f3 vigent en cada moment en mat\u00e8ria de protecci\u00f3 de dades, actualment el Reglament General de Protecci\u00f3 de Dades (UE) N\u00ba 679\/2016 i la LOPDGDD 3\/2018 de 5 de desembre.<\/p><p>A continuaci\u00f3, informem els USUARIS sobre els termes i condicions en qu\u00e8 tractarem les seves dades.<\/p><p>\u00a0<\/p><p><strong>TRACTAMENT\u00a0 DE LES DADES DELS CLIENTS I PROVE\u00cfDORS<\/strong><\/p><ol><li><strong>\u00a0<\/strong><strong>Finalitat del Tractament: <\/strong>Gestionar la relaci\u00f3 comercial existent i dur a terme les gestions comptables, fiscals i administratives de l\u2019empresa. Mantenir als clients informats enviant-los informaci\u00f3 sobre obligacions i novetats legislatives en base de la concurr\u00e8ncia de l\u2019inter\u00e8s leg\u00edtim.<\/li><li><strong>Legitimaci\u00f3: <\/strong>La base legal per tractar les dades dels clients i prove\u00efdors \u00e9s l\u2019exist\u00e8ncia i l\u2019execuci\u00f3 de contractes de compravenda o de prestaci\u00f3 de serveis.<\/li><li><strong>Per\u00edode de conservaci\u00f3: <\/strong>Conservem les dades de clients i prove\u00efdors mentre es duguin a terme accions i relacions comercials i durant els anys necessaris per complir amb les nostres obligacions legals i\/o fiscals derivades d\u2019aquestes relacions contractuals.<\/li><\/ol><p>\u00a0<\/p><p><strong>\u00a0<\/strong><strong>TRACTAMENT DE LES DADES\u00a0 DELS USUARIS DEL <\/strong><strong>FORMULARI CONTACTAR <\/strong><\/p><ol><li><strong>Finalitat del Tractament: <\/strong><\/li><\/ol><ul><li><strong>\u00a0<\/strong>Gestionar i atendre les sol\u00b7licituds d\u2019informaci\u00f3 o consultes que els usuaris del formulari contactar de la web ens envi\u00efn.<\/li><li>Gestionar l\u2019enviament d\u2019informaci\u00f3 que ens sol\u00b7licitin i, en els casos que s\u2019escaigui, facilitar-los el pressupost d\u2019aquell servei del qual ens hagi manifestat el seu inter\u00e8s.<\/li><li>Enviar comunicacions comercials als usuaris que en el seu cas s\u2019hagin subscrit.<\/li><\/ul><p>\u00a0<\/p><ol start=\"2\"><li><strong>Legitimaci\u00f3: <\/strong>Consentiment de l\u2019interessat en enviar-nos el formulari emplenat.<\/li><\/ol><p>\u00a0<\/p><ol start=\"3\"><li><strong>Per\u00edode de conservaci\u00f3: <\/strong>Conservarem les dades dels usuaris del formulari contactar, durant el termini necessari per gestionar la seva consulta i com a m\u00e0xim durant 1-2 anys a partir de l\u2019\u00faltima confirmaci\u00f3 d\u2019inter\u00e8s per part seva sobre els nostres serveis, llevat que amb antelaci\u00f3 ens sol\u00b7licitin la supressi\u00f3 de les seves dades a <a href=\"mailto:salles.vancells@icater.org\">vancells@icater.org<\/a><\/li><\/ol><p>\u00a0<\/p><p><strong>\u00a0<\/strong><\/p><p><strong>TRACTAMENT DE LES DADES DELS DESTINATARIS DEL <\/strong><strong>BUTLLET\u00cd JUR\u00cdDIC INFORMATIU<\/strong><\/p><ol><li><strong>\u00a0<\/strong><strong>Finalitat del Tractament: <\/strong>Gestionar la subscripci\u00f3 i la remissi\u00f3 dels nostres butlletins jur\u00eddics informatius sobre novetats i obligacions legislatives.<\/li><\/ol><p>\u00a0<\/p><ol start=\"2\"><li><strong>Legitimaci\u00f3: <\/strong>Consentiment del destinatari del butllet\u00ed informatiu. D\u2019altra banda, la base legal per enviar butlletins jur\u00eddics informatius als clients \u00e9s l\u2019inter\u00e8s leg\u00edtim.<\/li><\/ol><p>\u00a0<\/p><ol start=\"3\"><li><strong>Per\u00edode de conservaci\u00f3: <\/strong>Conservarem les dades dels subscriptors als butlletins legals informatius per per\u00edode indefinit, llevat que ens sol\u00b7licitin que els donem de baixa enviant un e-mail a <a href=\"mailto:salles.vancells@icater.org\">vancells@icater.org<\/a> adjuntant c\u00f2pia del DNI-NIF.<\/li><\/ol><p>\u00a0<\/p><p><strong>\u00a0<\/strong><\/p><p><strong>DESTINATARIS DE LES SEVES DADES<\/strong><\/p><p>En general, els destinataris de les seves dades seran el personal i la direcci\u00f3 de la companyia.<\/p><p>Tamb\u00e9 podrien tenir acc\u00e9s a les seves dades les empreses que presten serveis a BRODATS que requereixen l\u2019acc\u00e9s a dades personals, que nom\u00e9s accediran a les seves dades en qualitat d\u2019Encarregats del Tractament amb la finalitat de prestar els serveis que BRODATS els tingui contractats.<\/p><p>No cedirem les seves dades a tercers excepte quan existeixi una obligaci\u00f3 legal o quan tinguem el seu consentiment.\u00a0<\/p><p>\u00a0<\/p><p><strong>\u00a0<\/strong><\/p><p><strong>DRETS QUE L\u2019ASSISTEIXEN<\/strong><\/p><p>Finalment, l\u2019informem que, si ho desitja, pot exercir els drets que el RGPD 679\/2016 reconeix a les persones interessades a accedir a les seves dades, a sol\u00b7licitar la rectificaci\u00f3 de les dades inexactes, a oposar-se al tractament de les seves dades en determinades circumst\u00e0ncies, a cancel\u00b7lar el tractament de les seves dades en determinades circumst\u00e0ncies, a sol\u00b7licitar la supressi\u00f3 de les seves dades quan, entre altres motius, les dades ja no siguin necess\u00e0ries per a la finalitat per a la qual es van recollir, a l\u2019oblit, a la limitaci\u00f3 del tractament i a la portabilitat de les dades, dirigint-se per escrit a <a href=\"mailto:salles.vancells@icater.org\">salles.vancells@icater.org<\/a> amb c\u00f2pia del seu DNI.<\/p>\t\t\t\t\t\t\t\t<\/div>\n\t\t\t\t\t<\/div>\n\t\t\t\t<\/div>\n\t\t\t\t<\/div>","protected":false},"excerpt":{"rendered":"<p>Pol\u00edtica de privacitat Ens comprometem a realitzar els m\u00e0xims esfor\u00e7os per complir en tot moment en relaci\u00f3 amb els tractaments de dades que realitzi, amb la legislaci\u00f3 vigent en cada moment en mat\u00e8ria de protecci\u00f3 de dades, actualment el Reglament General de Protecci\u00f3 de Dades (UE) N\u00ba 679\/2016 i la LOPDGDD 3\/2018 de 5 de [&hellip;]<\/p>","protected":false},"author":2,"featured_media":0,"parent":0,"menu_order":0,"comment_status":"closed","ping_status":"closed","template":"elementor_header_footer","meta":{"footnotes":""},"class_list":["post-779","page","type-page","status-publish","hentry"],"yoast_head":"<!-- This site is optimized with the Yoast SEO plugin v26.3 - https:\/\/yoast.com\/wordpress\/plugins\/seo\/ -->\n<title>Pol\u00edtica de privacitat - SallesAdvocats.Com<\/title>\n<meta name=\"robots\" content=\"index, follow, max-snippet:-1, max-image-preview:large, max-video-preview:-1\" \/>\n<link rel=\"canonical\" href=\"https:\/\/sallesadvocats.com\/es\/politica-de-privacitat\/\" \/>\n<meta property=\"og:locale\" content=\"es_ES\" \/>\n<meta property=\"og:type\" content=\"article\" \/>\n<meta property=\"og:title\" content=\"Pol\u00edtica de privacitat - SallesAdvocats.Com\" \/>\n<meta property=\"og:description\" content=\"Pol\u00edtica de privacitat Ens comprometem a realitzar els m\u00e0xims esfor\u00e7os per complir en tot moment en relaci\u00f3 amb els tractaments de dades que realitzi, amb la legislaci\u00f3 vigent en cada moment en mat\u00e8ria de protecci\u00f3 de dades, actualment el Reglament General de Protecci\u00f3 de Dades (UE) N\u00ba 679\/2016 i la LOPDGDD 3\/2018 de 5 de [&hellip;]\" \/>\n<meta property=\"og:url\" content=\"https:\/\/sallesadvocats.com\/es\/politica-de-privacitat\/\" \/>\n<meta property=\"og:site_name\" content=\"SallesAdvocats.Com\" \/>\n<meta property=\"article:modified_time\" content=\"2026-01-14T16:09:22+00:00\" \/>\n<meta name=\"twitter:card\" content=\"summary_large_image\" \/>\n<meta name=\"twitter:label1\" content=\"Tiempo de lectura\" \/>\n\t<meta name=\"twitter:data1\" content=\"3 minutos\" \/>\n<script type=\"application\/ld+json\" class=\"yoast-schema-graph\">{\"@context\":\"https:\/\/schema.org\",\"@graph\":[{\"@type\":\"WebPage\",\"@id\":\"https:\/\/sallesadvocats.com\/politica-de-privacitat\/\",\"url\":\"https:\/\/sallesadvocats.com\/politica-de-privacitat\/\",\"name\":\"Pol\u00edtica de privacitat - SallesAdvocats.Com\",\"isPartOf\":{\"@id\":\"https:\/\/sallesadvocats.com\/#website\"},\"datePublished\":\"2025-11-06T12:00:49+00:00\",\"dateModified\":\"2026-01-14T16:09:22+00:00\",\"breadcrumb\":{\"@id\":\"https:\/\/sallesadvocats.com\/politica-de-privacitat\/#breadcrumb\"},\"inLanguage\":\"es\",\"potentialAction\":[{\"@type\":\"ReadAction\",\"target\":[\"https:\/\/sallesadvocats.com\/politica-de-privacitat\/\"]}]},{\"@type\":\"BreadcrumbList\",\"@id\":\"https:\/\/sallesadvocats.com\/politica-de-privacitat\/#breadcrumb\",\"itemListElement\":[{\"@type\":\"ListItem\",\"position\":1,\"name\":\"Portada\",\"item\":\"https:\/\/sallesadvocats.com\/\"},{\"@type\":\"ListItem\",\"position\":2,\"name\":\"Pol\u00edtica de privacitat\"}]},{\"@type\":\"WebSite\",\"@id\":\"https:\/\/sallesadvocats.com\/#website\",\"url\":\"https:\/\/sallesadvocats.com\/\",\"name\":\"SallesAdvocats.Com\",\"description\":\"\",\"publisher\":{\"@id\":\"https:\/\/sallesadvocats.com\/#organization\"},\"potentialAction\":[{\"@type\":\"SearchAction\",\"target\":{\"@type\":\"EntryPoint\",\"urlTemplate\":\"https:\/\/sallesadvocats.com\/?s={search_term_string}\"},\"query-input\":{\"@type\":\"PropertyValueSpecification\",\"valueRequired\":true,\"valueName\":\"search_term_string\"}}],\"inLanguage\":\"es\"},{\"@type\":\"Organization\",\"@id\":\"https:\/\/sallesadvocats.com\/#organization\",\"name\":\"SallesAdvocats.Com\",\"url\":\"https:\/\/sallesadvocats.com\/\",\"logo\":{\"@type\":\"ImageObject\",\"inLanguage\":\"es\",\"@id\":\"https:\/\/sallesadvocats.com\/#\/schema\/logo\/image\/\",\"url\":\"https:\/\/sallesadvocats.com\/wp-content\/uploads\/2025\/10\/LOGO-ASV-BLAU.jpg\",\"contentUrl\":\"https:\/\/sallesadvocats.com\/wp-content\/uploads\/2025\/10\/LOGO-ASV-BLAU.jpg\",\"width\":1048,\"height\":1654,\"caption\":\"SallesAdvocats.Com\"},\"image\":{\"@id\":\"https:\/\/sallesadvocats.com\/#\/schema\/logo\/image\/\"}}]}<\/script>\n<!-- \/ Yoast SEO plugin. -->","yoast_head_json":{"title":"Pol\u00edtica de privacitat - SallesAdvocats.Com","robots":{"index":"index","follow":"follow","max-snippet":"max-snippet:-1","max-image-preview":"max-image-preview:large","max-video-preview":"max-video-preview:-1"},"canonical":"https:\/\/sallesadvocats.com\/es\/politica-de-privacitat\/","og_locale":"es_ES","og_type":"article","og_title":"Pol\u00edtica de privacitat - SallesAdvocats.Com","og_description":"Pol\u00edtica de privacitat Ens comprometem a realitzar els m\u00e0xims esfor\u00e7os per complir en tot moment en relaci\u00f3 amb els tractaments de dades que realitzi, amb la legislaci\u00f3 vigent en cada moment en mat\u00e8ria de protecci\u00f3 de dades, actualment el Reglament General de Protecci\u00f3 de Dades (UE) N\u00ba 679\/2016 i la LOPDGDD 3\/2018 de 5 de [&hellip;]","og_url":"https:\/\/sallesadvocats.com\/es\/politica-de-privacitat\/","og_site_name":"SallesAdvocats.Com","article_modified_time":"2026-01-14T16:09:22+00:00","twitter_card":"summary_large_image","twitter_misc":{"Tiempo de lectura":"3 minutos"},"schema":{"@context":"https:\/\/schema.org","@graph":[{"@type":"WebPage","@id":"https:\/\/sallesadvocats.com\/politica-de-privacitat\/","url":"https:\/\/sallesadvocats.com\/politica-de-privacitat\/","name":"Pol\u00edtica de privacitat - SallesAdvocats.Com","isPartOf":{"@id":"https:\/\/sallesadvocats.com\/#website"},"datePublished":"2025-11-06T12:00:49+00:00","dateModified":"2026-01-14T16:09:22+00:00","breadcrumb":{"@id":"https:\/\/sallesadvocats.com\/politica-de-privacitat\/#breadcrumb"},"inLanguage":"es","potentialAction":[{"@type":"ReadAction","target":["https:\/\/sallesadvocats.com\/politica-de-privacitat\/"]}]},{"@type":"BreadcrumbList","@id":"https:\/\/sallesadvocats.com\/politica-de-privacitat\/#breadcrumb","itemListElement":[{"@type":"ListItem","position":1,"name":"Portada","item":"https:\/\/sallesadvocats.com\/"},{"@type":"ListItem","position":2,"name":"Pol\u00edtica de privacitat"}]},{"@type":"WebSite","@id":"https:\/\/sallesadvocats.com\/#website","url":"https:\/\/sallesadvocats.com\/","name":"SallesAdvocats.Com","description":"","publisher":{"@id":"https:\/\/sallesadvocats.com\/#organization"},"potentialAction":[{"@type":"SearchAction","target":{"@type":"EntryPoint","urlTemplate":"https:\/\/sallesadvocats.com\/?s={search_term_string}"},"query-input":{"@type":"PropertyValueSpecification","valueRequired":true,"valueName":"search_term_string"}}],"inLanguage":"es"},{"@type":"Organization","@id":"https:\/\/sallesadvocats.com\/#organization","name":"SallesAdvocats.Com","url":"https:\/\/sallesadvocats.com\/","logo":{"@type":"ImageObject","inLanguage":"es","@id":"https:\/\/sallesadvocats.com\/#\/schema\/logo\/image\/","url":"https:\/\/sallesadvocats.com\/wp-content\/uploads\/2025\/10\/LOGO-ASV-BLAU.jpg","contentUrl":"https:\/\/sallesadvocats.com\/wp-content\/uploads\/2025\/10\/LOGO-ASV-BLAU.jpg","width":1048,"height":1654,"caption":"SallesAdvocats.Com"},"image":{"@id":"https:\/\/sallesadvocats.com\/#\/schema\/logo\/image\/"}}]}},"_links":{"self":[{"href":"https:\/\/sallesadvocats.com\/es\/wp-json\/wp\/v2\/pages\/779","targetHints":{"allow":["GET"]}}],"collection":[{"href":"https:\/\/sallesadvocats.com\/es\/wp-json\/wp\/v2\/pages"}],"about":[{"href":"https:\/\/sallesadvocats.com\/es\/wp-json\/wp\/v2\/types\/page"}],"author":[{"embeddable":true,"href":"https:\/\/sallesadvocats.com\/es\/wp-json\/wp\/v2\/users\/2"}],"replies":[{"embeddable":true,"href":"https:\/\/sallesadvocats.com\/es\/wp-json\/wp\/v2\/comments?post=779"}],"version-history":[{"count":4,"href":"https:\/\/sallesadvocats.com\/es\/wp-json\/wp\/v2\/pages\/779\/revisions"}],"predecessor-version":[{"id":899,"href":"https:\/\/sallesadvocats.com\/es\/wp-json\/wp\/v2\/pages\/779\/revisions\/899"}],"wp:attachment":[{"href":"https:\/\/sallesadvocats.com\/es\/wp-json\/wp\/v2\/media?parent=779"}],"curies":[{"name":"wp","href":"https:\/\/api.w.org\/{rel}","templated":true}]}}