{"id":781,"date":"2025-11-06T13:01:44","date_gmt":"2025-11-06T12:01:44","guid":{"rendered":"https:\/\/sallesadvocats.com\/?page_id=781"},"modified":"2026-01-14T17:00:32","modified_gmt":"2026-01-14T16:00:32","slug":"avis-legal","status":"publish","type":"page","link":"https:\/\/sallesadvocats.com\/es\/avis-legal\/","title":{"rendered":"Aviso legal"},"content":{"rendered":"<div data-elementor-type=\"wp-page\" data-elementor-id=\"781\" class=\"elementor elementor-781\" data-elementor-post-type=\"page\">\n\t\t\t\t<div class=\"elementor-element elementor-element-92a148b e-flex e-con-boxed e-con e-parent\" data-id=\"92a148b\" data-element_type=\"container\" data-settings=\"{&quot;background_background&quot;:&quot;classic&quot;}\">\n\t\t\t\t\t<div class=\"e-con-inner\">\n\t\t\t\t<div class=\"elementor-element elementor-element-dd27bb6 elementor-widget elementor-widget-heading\" data-id=\"dd27bb6\" data-element_type=\"widget\" data-widget_type=\"heading.default\">\n\t\t\t\t\t<h2 class=\"elementor-heading-title elementor-size-default\">Av\u00eds legal<\/h2>\t\t\t\t<\/div>\n\t\t\t\t\t<\/div>\n\t\t\t\t<\/div>\n\t\t<div class=\"elementor-element elementor-element-0d1946f e-flex e-con-boxed e-con e-parent\" data-id=\"0d1946f\" data-element_type=\"container\">\n\t\t\t\t\t<div class=\"e-con-inner\">\n\t\t\t\t<div class=\"elementor-element elementor-element-39bb96f elementor-widget elementor-widget-text-editor\" data-id=\"39bb96f\" data-element_type=\"widget\" data-widget_type=\"text-editor.default\">\n\t\t\t\t\t\t\t\t\t<p><strong>TITULARITAT DEL PORTAL.<\/strong><\/p><p>Anna Sall\u00e9s Vancells \u00e9s el Titular del portal web <a href=\"https:\/\/sallesadvocats.com\/es\/\">https:\/\/sallesadvocats.com\/<\/a>\u00a0(d\u2019ara endavant, el Portal). Pot posar-se en contacte amb el Titular del Portal a trav\u00e9s del seg\u00fcent e-mail: <a href=\"mailto:salles.vancells@icater.org\">salles.vancells@icater.org<\/a><\/p><p><strong>OBJECTE.<\/strong><\/p><p>El present Av\u00eds Legal t\u00e9 per objecte establir les Condicions Generals que regulen l\u2019acc\u00e9s, navegaci\u00f3 i \u00fas d\u2019aquest Portal per part de tots els Usuaris. Si l\u2019Usuari no est\u00e0 d\u2019acord amb aquestes, no tindr\u00e0 dret a utilitzar aquest Portal web.<\/p><p>Ens reservem el dret de modificar o actualitzar, en qualsevol moment, les presents Condicions Generals i, en general, els elements que integren el disseny i la configuraci\u00f3 del Portal. Per aix\u00f2, recomanem als Usuaris que llegeixin detingudament les presents condicions cada vegada que accedeixin al Portal. \u00a0\u00a0<\/p><p>El Titular es reserva la facultat de donar per finalitzat, suspendre o interrompre, en qualsevol moment i sense necessitat de preav\u00eds, l\u2019acc\u00e9s als Continguts del Portal, aix\u00ed com la configuraci\u00f3 mateixa del Portal, prestacions, descripci\u00f3 dels serveis i continguts, sense possibilitat per part de l\u2019Usuari de reclamar ni exigir cap indemnitzaci\u00f3; en particular, amb motiu d\u2019operacions de manteniment, reparaci\u00f3, actualitzaci\u00f3, millora i\/o adequaci\u00f3 a canvis t\u00e8cnics, operatius i\/o legals. Despr\u00e9s d\u2019aquesta finalitzaci\u00f3, continuaran vigents les prohibicions, restriccions i limitacions existents en el present Av\u00eds Legal.<\/p><p><strong>ACC\u00c9S I \u00daS DEL PORTAL.<\/strong><\/p><p>L\u2019Usuari declara que disposa de la capacitat legal necess\u00e0ria per vincular-se per aquest acord i per utilitzar aquest Portal de conformitat amb les Condicions Generals aqu\u00ed enunciades, que ent\u00e9n i compren en la seva totalitat.<\/p><p>El simple acc\u00e9s al Portal, l\u2019\u00fas dels continguts d\u2019aquest, aix\u00ed com el fet d\u2019emplenar formularis, l\u2019enviament de sol\u00b7licituds d\u2019informaci\u00f3 i, en general, qualsevol acte de naturalesa similar als anteriors implicar\u00e0, per part dels que naveguin en el Portal, l\u2019adquisici\u00f3 de la consideraci\u00f3 d\u2019Usuari i el coneixement i l\u2019acceptaci\u00f3, sense reserves, de totes i cada una de les normes integrants del present Av\u00eds Legal, en la versi\u00f3 publicada en el moment en qu\u00e8 s\u2019accedeixi al Portal web.<\/p><p>L\u2019acc\u00e9s, navegaci\u00f3 i \u00fas del Portal es fa sota l\u2019\u00fanica i exclusiva responsabilitat de l\u2019Usuari, per la qual cosa es compromet a observar diligent i fidelment qualsevol instrucci\u00f3 addicional relativa a l\u2019\u00fas del Portal i als seus continguts.<\/p><p>L\u2019Usuari s\u2019obliga a utilitzar els continguts del Portal de forma diligent, correcta i l\u00edcita, de conformitat amb la legislaci\u00f3 vigent i, en particular, es compromet a abstenir-se de:\u00a0<\/p><ol><li>Usar-los amb fins o efectes contraris a la llei, a la moral, als bons costums generalment acceptats o a l\u2019ordre p\u00fablic i a les instruccions rebudes del titular del Portal.<\/li><li>Usar-los amb fins lesius de drets leg\u00edtims de tercers.<\/li><li>Usar els continguts i, en particular, informaci\u00f3 de qualsevol classe obtinguda a trav\u00e9s del Portal per enviar publicitat, comunicacions amb finalitats de venda directa o amb qualsevol altra classe de finalitat comercial, missatges no sol\u00b7licitats dirigits a una pluralitat de persones amb independ\u00e8ncia de la seva finalitat, aix\u00ed com abstenir-se de comercialitzar o divulgar per qualsevol mitja aquesta informaci\u00f3.<\/li><\/ol><p><strong>\u00a0<\/strong><\/p><p><strong>PROPIETAT INTEL.LECTUAL E INDUSTRIAL.<\/strong><\/p><p>Queden reservats tots els drets de propietat intel\u00b7lectual i industrial sobre els continguts d\u2019aquest portal donant lloc a responsabilitats l\u2019\u00fas, explotaci\u00f3 o utilitzaci\u00f3 no autoritzada dels continguts, entenent per aquests a t\u00edtol merament enunciatiu i no exhaustiu els textos, les fotografies, els gr\u00e0fics, les imatges, les icones, la tecnologia, l\u2019estructura de navegaci\u00f3, el programari, els continguts audiovisuals o sonors, el disseny gr\u00e0fic i els codis font, els \u00edndexs, les marques, logotips, expressions i informacions i, en general, qualsevol altra creaci\u00f3 protegida per les normes nacionals i tractats internacionals sobre propietat intel\u00b7lectual i industrial.<\/p><p>Aquest av\u00eds no suposa, en cap cas, cessi\u00f3 de drets a favor de l\u2019usuari en relaci\u00f3 amb qualsevol element integrant del Portal o dels continguts i serveis promoguts. Per tant, queda prohibida la c\u00f2pia, la comunicaci\u00f3 p\u00fablica, la distribuci\u00f3, la comercialitzaci\u00f3 o qualsevol altra activitat que tingui una vocaci\u00f3 de publicitat que es pugui realitzar amb qualsevol dels continguts de la p\u00e0gina web, sempre que no s\u2019hagi obtingut el consentiment per escrit.<\/p><p>Tamb\u00e9 est\u00e0 prohibit l\u2019\u00fas de les marques, noms comercials o signes distintius del Titular del Portal, sense previ consentiment per escrit.<\/p><p><strong>RESPONSABILITATS DEL TITULAR.<\/strong><\/p><p>El Titular declara que ha adoptat totes les mesures necess\u00e0ries i raonables, dintre de les seves possibilitats i de l\u2019estat de la tecnologia, per garantir el funcionament del Portal i evitar l\u2019exist\u00e8ncia o transmissi\u00f3 de virus i altres components maliciosos als Usuaris.<\/p><p><strong>EXCLUSI\u00d3 DE GARANTIES.<\/strong><\/p><p>L\u2019Usuari reconeix i accepta expressament que el Titular no atorga cap garantia de qualsevol mena, sigui expressa o impl\u00edcita, sobre la fiabilitat, utilitat o exactitud de la informaci\u00f3 publicada o subministrada en el Portal. . \u00a0<\/p><p>En particular, el titular del Portal no garanteix ni es fa responsable de:\u00a0<\/p><ol><li>La falta de disponibilitat o accessibilitat del Portal o de continu\u00eftat dels continguts del Portal;<\/li><\/ol><p>\u00a0<\/p><ol start=\"2\"><li>L\u2019exist\u00e8ncia d\u2019interrupcions, errors en l\u2019acc\u00e9s al Portal o mal funcionament del Portal, aix\u00ed com problemes t\u00e8cnics o errors que es produeixin durant la connexi\u00f3 a Internet;<\/li><\/ol><p>\u00a0<\/p><ol start=\"3\"><li>L\u2019abs\u00e8ncia de virus i altres elements inform\u00e0tics maliciosos en el Portal o servidor que el subministra; Correspon a l\u2019Usuari, si escau, disposar de mitjans adequats per a la detecci\u00f3 o desinfecci\u00f3 de programes inform\u00e0tics maliciosos.<\/li><\/ol><p>\u00a0<\/p><ol start=\"4\"><li>La invulnerabilitat del Portal i de les mesures de seguretat que s\u2019adoptin en el mateix;<\/li><\/ol><p>\u00a0<\/p><ol start=\"5\"><li>La inexist\u00e8ncia d\u2019errors en els continguts;<\/li><\/ol><p>\u00a0<\/p><ol start=\"6\"><li>L\u2019adequaci\u00f3 per a un prop\u00f2sit o finalitat particular del Portal i de la informaci\u00f3 publicada i\/o subministrada al Portal;<\/li><\/ol><p>\u00a0<\/p><ol start=\"7\"><li>Les decisions preses a partir de la informaci\u00f3 subministrada en el Portal, ni dels danys i perjudicis per l\u2019Usuari o per tercers en motiu d\u2019actuacions que tinguin per \u00fanic fonament la informaci\u00f3 obtinguda en el portal.<\/li><\/ol><p>\u00a0<\/p><ol start=\"8\"><li>Dels danys produ\u00efts en els equips inform\u00e0tics dels usuaris o de tercers durant la prestaci\u00f3 del servei del Portal.<\/li><\/ol><p>\u00a0<\/p><ol start=\"9\"><li>Qualsevol altres danys que en el seu cas poguessin causar-se per funcionament defectu\u00f3s del Portal.<\/li><\/ol><p>\u00a0<\/p><p><strong>ENLLA\u00c7OS A ALTRES P\u00c0GINES WEB. <\/strong><\/p><p>El Titular podria oferir en el seu Portal enlla\u00e7os, directa o indirectament, a recursos o p\u00e0gines web d\u2019Internet que es troben fora del Portal. El Titular no t\u00e9 facultat ni mitjans humans ni t\u00e8cnics per con\u00e8ixer, controlar ni aprovar tota la informaci\u00f3, continguts, productes o serveis facilitats per altres p\u00e0gines web a les quals es puguin establir enlla\u00e7os des del Portal. En conseq\u00fc\u00e8ncia, el Titular no podr\u00e0 assumir cap classe de responsabilitat per qualsevol aspecte relatiu a les p\u00e0gines web a les quals es poguessin establir enlla\u00e7os des del Portal, en concret, a t\u00edtol enunciatiu i no taxatiu, sobre el seu funcionament, acc\u00e9s, dades, informaci\u00f3, arxius, qualitat i fiabilitat dels seus productes i serveis, els seus propis enlla\u00e7os o qualsevol dels seus continguts, en general.\u00a0<\/p><p><strong>NUL\u00b7LITAT. <\/strong><\/p><p><br \/>En cas que qualsevol disposici\u00f3 d\u2019aquest Av\u00eds Legal fos considerada nul\u00b7la, totalment o en part, aquesta nul\u00b7litat o inaplicaci\u00f3 no afectar\u00e0 les altres disposicions de l\u2019Av\u00eds Legal ni a les condicions particulars que, si escau, s\u2019hagin pogut establir.<\/p><p>\u00a0<\/p><p>En cas que no s\u2019exerc\u00eds qualsevol dret o acci\u00f3 reconeguda en aquest Av\u00eds Legal, aix\u00f2 no constituir\u00e0 una ren\u00fancia al mateix, excepte reconeixement per escrit.\u00a0<\/p><p><br \/><strong>LEGISLACI\u00d3 APLICABLE I TRIBUNALS COMPETENTS.<\/strong><\/p><p><br \/>El present Av\u00eds Legal es regir\u00e0 per la normativa espanyola.<\/p><p>Per a la resoluci\u00f3 de qualsevol conflicte que pogu\u00e9s derivar-se de l\u2019acc\u00e9s al Portal, l\u2019Usuari i el Titular amb ren\u00fancia expressa a qualsevol altre fur, se sotmetran als Jutjats i Tribunals de la ciutat del domicili del Titular del Portal.<\/p>\t\t\t\t\t\t\t\t<\/div>\n\t\t\t\t\t<\/div>\n\t\t\t\t<\/div>\n\t\t\t\t<\/div>","protected":false},"excerpt":{"rendered":"<p>Av\u00eds legal TITULARITAT DEL PORTAL. Anna Sall\u00e9s Vancells \u00e9s el Titular del portal web https:\/\/sallesadvocats.com\/\u00a0(d\u2019ara endavant, el Portal). Pot posar-se en contacte amb el Titular del Portal a trav\u00e9s del seg\u00fcent e-mail: salles.vancells@icater.org OBJECTE. El present Av\u00eds Legal t\u00e9 per objecte establir les Condicions Generals que regulen l\u2019acc\u00e9s, navegaci\u00f3 i \u00fas d\u2019aquest Portal per part [&hellip;]<\/p>","protected":false},"author":2,"featured_media":0,"parent":0,"menu_order":0,"comment_status":"closed","ping_status":"closed","template":"elementor_header_footer","meta":{"footnotes":""},"class_list":["post-781","page","type-page","status-publish","hentry"],"yoast_head":"<!-- This site is optimized with the Yoast SEO plugin v26.3 - https:\/\/yoast.com\/wordpress\/plugins\/seo\/ -->\n<title>Av\u00eds Legal - SallesAdvocats.Com<\/title>\n<meta name=\"robots\" content=\"index, follow, max-snippet:-1, max-image-preview:large, max-video-preview:-1\" \/>\n<link rel=\"canonical\" href=\"https:\/\/sallesadvocats.com\/es\/avis-legal\/\" \/>\n<meta property=\"og:locale\" content=\"es_ES\" \/>\n<meta property=\"og:type\" content=\"article\" \/>\n<meta property=\"og:title\" content=\"Av\u00eds Legal - SallesAdvocats.Com\" \/>\n<meta property=\"og:description\" content=\"Av\u00eds legal TITULARITAT DEL PORTAL. Anna Sall\u00e9s Vancells \u00e9s el Titular del portal web https:\/\/sallesadvocats.com\/\u00a0(d\u2019ara endavant, el Portal). Pot posar-se en contacte amb el Titular del Portal a trav\u00e9s del seg\u00fcent e-mail: salles.vancells@icater.org OBJECTE. El present Av\u00eds Legal t\u00e9 per objecte establir les Condicions Generals que regulen l\u2019acc\u00e9s, navegaci\u00f3 i \u00fas d\u2019aquest Portal per part [&hellip;]\" \/>\n<meta property=\"og:url\" content=\"https:\/\/sallesadvocats.com\/es\/avis-legal\/\" \/>\n<meta property=\"og:site_name\" content=\"SallesAdvocats.Com\" \/>\n<meta property=\"article:modified_time\" content=\"2026-01-14T16:00:32+00:00\" \/>\n<meta name=\"twitter:card\" content=\"summary_large_image\" \/>\n<meta name=\"twitter:label1\" content=\"Tiempo de lectura\" \/>\n\t<meta name=\"twitter:data1\" content=\"6 minutos\" \/>\n<script type=\"application\/ld+json\" class=\"yoast-schema-graph\">{\"@context\":\"https:\/\/schema.org\",\"@graph\":[{\"@type\":\"WebPage\",\"@id\":\"https:\/\/sallesadvocats.com\/avis-legal\/\",\"url\":\"https:\/\/sallesadvocats.com\/avis-legal\/\",\"name\":\"Av\u00eds Legal - SallesAdvocats.Com\",\"isPartOf\":{\"@id\":\"https:\/\/sallesadvocats.com\/#website\"},\"datePublished\":\"2025-11-06T12:01:44+00:00\",\"dateModified\":\"2026-01-14T16:00:32+00:00\",\"breadcrumb\":{\"@id\":\"https:\/\/sallesadvocats.com\/avis-legal\/#breadcrumb\"},\"inLanguage\":\"es\",\"potentialAction\":[{\"@type\":\"ReadAction\",\"target\":[\"https:\/\/sallesadvocats.com\/avis-legal\/\"]}]},{\"@type\":\"BreadcrumbList\",\"@id\":\"https:\/\/sallesadvocats.com\/avis-legal\/#breadcrumb\",\"itemListElement\":[{\"@type\":\"ListItem\",\"position\":1,\"name\":\"Portada\",\"item\":\"https:\/\/sallesadvocats.com\/\"},{\"@type\":\"ListItem\",\"position\":2,\"name\":\"Av\u00eds Legal\"}]},{\"@type\":\"WebSite\",\"@id\":\"https:\/\/sallesadvocats.com\/#website\",\"url\":\"https:\/\/sallesadvocats.com\/\",\"name\":\"SallesAdvocats.Com\",\"description\":\"\",\"publisher\":{\"@id\":\"https:\/\/sallesadvocats.com\/#organization\"},\"potentialAction\":[{\"@type\":\"SearchAction\",\"target\":{\"@type\":\"EntryPoint\",\"urlTemplate\":\"https:\/\/sallesadvocats.com\/?s={search_term_string}\"},\"query-input\":{\"@type\":\"PropertyValueSpecification\",\"valueRequired\":true,\"valueName\":\"search_term_string\"}}],\"inLanguage\":\"es\"},{\"@type\":\"Organization\",\"@id\":\"https:\/\/sallesadvocats.com\/#organization\",\"name\":\"SallesAdvocats.Com\",\"url\":\"https:\/\/sallesadvocats.com\/\",\"logo\":{\"@type\":\"ImageObject\",\"inLanguage\":\"es\",\"@id\":\"https:\/\/sallesadvocats.com\/#\/schema\/logo\/image\/\",\"url\":\"https:\/\/sallesadvocats.com\/wp-content\/uploads\/2025\/10\/LOGO-ASV-BLAU.jpg\",\"contentUrl\":\"https:\/\/sallesadvocats.com\/wp-content\/uploads\/2025\/10\/LOGO-ASV-BLAU.jpg\",\"width\":1048,\"height\":1654,\"caption\":\"SallesAdvocats.Com\"},\"image\":{\"@id\":\"https:\/\/sallesadvocats.com\/#\/schema\/logo\/image\/\"}}]}<\/script>\n<!-- \/ Yoast SEO plugin. -->","yoast_head_json":{"title":"Av\u00eds Legal - SallesAdvocats.Com","robots":{"index":"index","follow":"follow","max-snippet":"max-snippet:-1","max-image-preview":"max-image-preview:large","max-video-preview":"max-video-preview:-1"},"canonical":"https:\/\/sallesadvocats.com\/es\/avis-legal\/","og_locale":"es_ES","og_type":"article","og_title":"Av\u00eds Legal - SallesAdvocats.Com","og_description":"Av\u00eds legal TITULARITAT DEL PORTAL. Anna Sall\u00e9s Vancells \u00e9s el Titular del portal web https:\/\/sallesadvocats.com\/\u00a0(d\u2019ara endavant, el Portal). Pot posar-se en contacte amb el Titular del Portal a trav\u00e9s del seg\u00fcent e-mail: salles.vancells@icater.org OBJECTE. El present Av\u00eds Legal t\u00e9 per objecte establir les Condicions Generals que regulen l\u2019acc\u00e9s, navegaci\u00f3 i \u00fas d\u2019aquest Portal per part [&hellip;]","og_url":"https:\/\/sallesadvocats.com\/es\/avis-legal\/","og_site_name":"SallesAdvocats.Com","article_modified_time":"2026-01-14T16:00:32+00:00","twitter_card":"summary_large_image","twitter_misc":{"Tiempo de lectura":"6 minutos"},"schema":{"@context":"https:\/\/schema.org","@graph":[{"@type":"WebPage","@id":"https:\/\/sallesadvocats.com\/avis-legal\/","url":"https:\/\/sallesadvocats.com\/avis-legal\/","name":"Av\u00eds Legal - SallesAdvocats.Com","isPartOf":{"@id":"https:\/\/sallesadvocats.com\/#website"},"datePublished":"2025-11-06T12:01:44+00:00","dateModified":"2026-01-14T16:00:32+00:00","breadcrumb":{"@id":"https:\/\/sallesadvocats.com\/avis-legal\/#breadcrumb"},"inLanguage":"es","potentialAction":[{"@type":"ReadAction","target":["https:\/\/sallesadvocats.com\/avis-legal\/"]}]},{"@type":"BreadcrumbList","@id":"https:\/\/sallesadvocats.com\/avis-legal\/#breadcrumb","itemListElement":[{"@type":"ListItem","position":1,"name":"Portada","item":"https:\/\/sallesadvocats.com\/"},{"@type":"ListItem","position":2,"name":"Av\u00eds Legal"}]},{"@type":"WebSite","@id":"https:\/\/sallesadvocats.com\/#website","url":"https:\/\/sallesadvocats.com\/","name":"SallesAdvocats.Com","description":"","publisher":{"@id":"https:\/\/sallesadvocats.com\/#organization"},"potentialAction":[{"@type":"SearchAction","target":{"@type":"EntryPoint","urlTemplate":"https:\/\/sallesadvocats.com\/?s={search_term_string}"},"query-input":{"@type":"PropertyValueSpecification","valueRequired":true,"valueName":"search_term_string"}}],"inLanguage":"es"},{"@type":"Organization","@id":"https:\/\/sallesadvocats.com\/#organization","name":"SallesAdvocats.Com","url":"https:\/\/sallesadvocats.com\/","logo":{"@type":"ImageObject","inLanguage":"es","@id":"https:\/\/sallesadvocats.com\/#\/schema\/logo\/image\/","url":"https:\/\/sallesadvocats.com\/wp-content\/uploads\/2025\/10\/LOGO-ASV-BLAU.jpg","contentUrl":"https:\/\/sallesadvocats.com\/wp-content\/uploads\/2025\/10\/LOGO-ASV-BLAU.jpg","width":1048,"height":1654,"caption":"SallesAdvocats.Com"},"image":{"@id":"https:\/\/sallesadvocats.com\/#\/schema\/logo\/image\/"}}]}},"_links":{"self":[{"href":"https:\/\/sallesadvocats.com\/es\/wp-json\/wp\/v2\/pages\/781","targetHints":{"allow":["GET"]}}],"collection":[{"href":"https:\/\/sallesadvocats.com\/es\/wp-json\/wp\/v2\/pages"}],"about":[{"href":"https:\/\/sallesadvocats.com\/es\/wp-json\/wp\/v2\/types\/page"}],"author":[{"embeddable":true,"href":"https:\/\/sallesadvocats.com\/es\/wp-json\/wp\/v2\/users\/2"}],"replies":[{"embeddable":true,"href":"https:\/\/sallesadvocats.com\/es\/wp-json\/wp\/v2\/comments?post=781"}],"version-history":[{"count":4,"href":"https:\/\/sallesadvocats.com\/es\/wp-json\/wp\/v2\/pages\/781\/revisions"}],"predecessor-version":[{"id":896,"href":"https:\/\/sallesadvocats.com\/es\/wp-json\/wp\/v2\/pages\/781\/revisions\/896"}],"wp:attachment":[{"href":"https:\/\/sallesadvocats.com\/es\/wp-json\/wp\/v2\/media?parent=781"}],"curies":[{"name":"wp","href":"https:\/\/api.w.org\/{rel}","templated":true}]}}