{"id":790,"date":"2025-11-06T14:17:22","date_gmt":"2025-11-06T13:17:22","guid":{"rendered":"https:\/\/sallesadvocats.com\/?page_id=790"},"modified":"2026-01-14T17:27:31","modified_gmt":"2026-01-14T16:27:31","slug":"declaracio-daccesibilitat","status":"publish","type":"page","link":"https:\/\/sallesadvocats.com\/es\/declaracio-daccesibilitat\/","title":{"rendered":"Declaraci\u00f3 d&#8217;accesibilitat"},"content":{"rendered":"<div data-elementor-type=\"wp-page\" data-elementor-id=\"790\" class=\"elementor elementor-790\" data-elementor-post-type=\"page\">\n\t\t\t\t<div class=\"elementor-element elementor-element-7cf7bec e-flex e-con-boxed e-con e-parent\" data-id=\"7cf7bec\" data-element_type=\"container\" data-settings=\"{&quot;background_background&quot;:&quot;classic&quot;}\">\n\t\t\t\t\t<div class=\"e-con-inner\">\n\t\t\t\t<div class=\"elementor-element elementor-element-7dfbbfa elementor-widget elementor-widget-heading\" data-id=\"7dfbbfa\" data-element_type=\"widget\" data-widget_type=\"heading.default\">\n\t\t\t\t\t<h2 class=\"elementor-heading-title elementor-size-default\">Declaraci\u00f3n de accesibilidad<\/h2>\t\t\t\t<\/div>\n\t\t\t\t\t<\/div>\n\t\t\t\t<\/div>\n\t\t<div class=\"elementor-element elementor-element-2c32aa4 e-flex e-con-boxed e-con e-parent\" data-id=\"2c32aa4\" data-element_type=\"container\" data-settings=\"{&quot;background_background&quot;:&quot;classic&quot;}\">\n\t\t\t\t\t<div class=\"e-con-inner\">\n\t\t\t\t<div class=\"elementor-element elementor-element-94d4841 elementor-widget elementor-widget-text-editor\" data-id=\"94d4841\" data-element_type=\"widget\" data-widget_type=\"text-editor.default\">\n\t\t\t\t\t\t\t\t\t<p data-start=\"40\" data-end=\"348\">L\u2019empresa desenvolupadora del web www.sallesadvocats.com\u00a0s\u2019ha comprom\u00e8s a fer accessible el seu lloc web d\u2019acord amb el Reial decret 1112\/2018, de 7 de setembre, sobre l\u2019accessibilitat dels llocs web i aplicacions per a dispositius m\u00f2bils del sector p\u00fablic, o de desenvolupaments finan\u00e7ats amb fons europeus.<\/p><p data-start=\"350\" data-end=\"497\">Aquesta declaraci\u00f3 d\u2019accessibilitat s\u2019aplica al lloc web www.sallesadvocats.com, excloent-ne els continguts incrustats provinents d\u2019altres dominis.<\/p><p data-start=\"499\" data-end=\"525\"><strong data-start=\"499\" data-end=\"525\">SITUACI\u00d3 DE COMPLIMENT<\/strong><\/p><p data-start=\"527\" data-end=\"665\">Aquest lloc web \u00e9s parcialment conforme amb el RD 1112\/2018 a causa de la manca de conformitat dels aspectes que s\u2019indiquen a continuaci\u00f3.<\/p><p data-start=\"667\" data-end=\"694\"><strong data-start=\"667\" data-end=\"694\">Contingut no accessible<\/strong><\/p><p data-start=\"696\" data-end=\"776\">El contingut que es detalla a continuaci\u00f3 no \u00e9s accessible pels motius seg\u00fcents:<\/p><p data-start=\"778\" data-end=\"803\"><strong data-start=\"778\" data-end=\"803\">Manca de conformitat:<\/strong><\/p><ul data-start=\"805\" data-end=\"1035\"><li data-start=\"805\" data-end=\"949\"><p data-start=\"807\" data-end=\"949\">Poden existir algunes alternatives textuals que no siguin correctes \u2013 Requisit n\u00famero 9.1.1.1 Contingut no textual de la UNE-EN 301549:2022.<\/p><\/li><li data-start=\"950\" data-end=\"1035\"><p data-start=\"952\" data-end=\"1035\">Podrien existir errades puntuals d\u2019edici\u00f3 en alguna de les seccions del lloc web.<\/p><\/li><\/ul><p data-start=\"1037\" data-end=\"1148\"><strong data-start=\"1037\" data-end=\"1066\">C\u00e0rrega desproporcionada:<\/strong> no \u00e9s aplicable.<br data-start=\"1083\" data-end=\"1086\" \/>El contingut no entra dins l\u2019\u00e0mbit de la legislaci\u00f3 aplicable.<\/p><p data-start=\"1150\" data-end=\"1273\" data-is-last-node=\"\" data-is-only-node=\"\">Si voleu notificar algun problema d\u2019accessibilitat, podeu enviar-nos un correu electr\u00f2nic a salles.vancells@icater.org<\/p>\t\t\t\t\t\t\t\t<\/div>\n\t\t\t\t\t<\/div>\n\t\t\t\t<\/div>\n\t\t\t\t<\/div>","protected":false},"excerpt":{"rendered":"<p>Declaraci\u00f3 d&#8217;accesibilitat L\u2019empresa desenvolupadora del web www.sallesadvocats.com\u00a0s\u2019ha comprom\u00e8s a fer accessible el seu lloc web d\u2019acord amb el Reial decret 1112\/2018, de 7 de setembre, sobre l\u2019accessibilitat dels llocs web i aplicacions per a dispositius m\u00f2bils del sector p\u00fablic, o de desenvolupaments finan\u00e7ats amb fons europeus. Aquesta declaraci\u00f3 d\u2019accessibilitat s\u2019aplica al lloc web www.sallesadvocats.com, excloent-ne [&hellip;]<\/p>","protected":false},"author":2,"featured_media":0,"parent":0,"menu_order":0,"comment_status":"closed","ping_status":"closed","template":"elementor_header_footer","meta":{"footnotes":""},"class_list":["post-790","page","type-page","status-publish","hentry"],"yoast_head":"<!-- This site is optimized with the Yoast SEO plugin v26.3 - https:\/\/yoast.com\/wordpress\/plugins\/seo\/ -->\n<title>Declaraci\u00f3 d&#039;accesibilitat - SallesAdvocats.Com<\/title>\n<meta name=\"robots\" content=\"index, follow, max-snippet:-1, max-image-preview:large, max-video-preview:-1\" \/>\n<link rel=\"canonical\" href=\"https:\/\/sallesadvocats.com\/es\/declaracio-daccesibilitat\/\" \/>\n<meta property=\"og:locale\" content=\"es_ES\" \/>\n<meta property=\"og:type\" content=\"article\" \/>\n<meta property=\"og:title\" content=\"Declaraci\u00f3 d&#039;accesibilitat - SallesAdvocats.Com\" \/>\n<meta property=\"og:description\" content=\"Declaraci\u00f3 d&#8217;accesibilitat L\u2019empresa desenvolupadora del web www.sallesadvocats.com\u00a0s\u2019ha comprom\u00e8s a fer accessible el seu lloc web d\u2019acord amb el Reial decret 1112\/2018, de 7 de setembre, sobre l\u2019accessibilitat dels llocs web i aplicacions per a dispositius m\u00f2bils del sector p\u00fablic, o de desenvolupaments finan\u00e7ats amb fons europeus. Aquesta declaraci\u00f3 d\u2019accessibilitat s\u2019aplica al lloc web www.sallesadvocats.com, excloent-ne [&hellip;]\" \/>\n<meta property=\"og:url\" content=\"https:\/\/sallesadvocats.com\/es\/declaracio-daccesibilitat\/\" \/>\n<meta property=\"og:site_name\" content=\"SallesAdvocats.Com\" \/>\n<meta property=\"article:modified_time\" content=\"2026-01-14T16:27:31+00:00\" \/>\n<meta name=\"twitter:card\" content=\"summary_large_image\" \/>\n<meta name=\"twitter:label1\" content=\"Tiempo de lectura\" \/>\n\t<meta name=\"twitter:data1\" content=\"1 minuto\" \/>\n<script type=\"application\/ld+json\" class=\"yoast-schema-graph\">{\"@context\":\"https:\/\/schema.org\",\"@graph\":[{\"@type\":\"WebPage\",\"@id\":\"https:\/\/sallesadvocats.com\/declaracio-daccesibilitat\/\",\"url\":\"https:\/\/sallesadvocats.com\/declaracio-daccesibilitat\/\",\"name\":\"Declaraci\u00f3 d'accesibilitat - SallesAdvocats.Com\",\"isPartOf\":{\"@id\":\"https:\/\/sallesadvocats.com\/#website\"},\"datePublished\":\"2025-11-06T13:17:22+00:00\",\"dateModified\":\"2026-01-14T16:27:31+00:00\",\"breadcrumb\":{\"@id\":\"https:\/\/sallesadvocats.com\/declaracio-daccesibilitat\/#breadcrumb\"},\"inLanguage\":\"es\",\"potentialAction\":[{\"@type\":\"ReadAction\",\"target\":[\"https:\/\/sallesadvocats.com\/declaracio-daccesibilitat\/\"]}]},{\"@type\":\"BreadcrumbList\",\"@id\":\"https:\/\/sallesadvocats.com\/declaracio-daccesibilitat\/#breadcrumb\",\"itemListElement\":[{\"@type\":\"ListItem\",\"position\":1,\"name\":\"Portada\",\"item\":\"https:\/\/sallesadvocats.com\/\"},{\"@type\":\"ListItem\",\"position\":2,\"name\":\"Declaraci\u00f3 d&#8217;accesibilitat\"}]},{\"@type\":\"WebSite\",\"@id\":\"https:\/\/sallesadvocats.com\/#website\",\"url\":\"https:\/\/sallesadvocats.com\/\",\"name\":\"SallesAdvocats.Com\",\"description\":\"\",\"publisher\":{\"@id\":\"https:\/\/sallesadvocats.com\/#organization\"},\"potentialAction\":[{\"@type\":\"SearchAction\",\"target\":{\"@type\":\"EntryPoint\",\"urlTemplate\":\"https:\/\/sallesadvocats.com\/?s={search_term_string}\"},\"query-input\":{\"@type\":\"PropertyValueSpecification\",\"valueRequired\":true,\"valueName\":\"search_term_string\"}}],\"inLanguage\":\"es\"},{\"@type\":\"Organization\",\"@id\":\"https:\/\/sallesadvocats.com\/#organization\",\"name\":\"SallesAdvocats.Com\",\"url\":\"https:\/\/sallesadvocats.com\/\",\"logo\":{\"@type\":\"ImageObject\",\"inLanguage\":\"es\",\"@id\":\"https:\/\/sallesadvocats.com\/#\/schema\/logo\/image\/\",\"url\":\"https:\/\/sallesadvocats.com\/wp-content\/uploads\/2025\/10\/LOGO-ASV-BLAU.jpg\",\"contentUrl\":\"https:\/\/sallesadvocats.com\/wp-content\/uploads\/2025\/10\/LOGO-ASV-BLAU.jpg\",\"width\":1048,\"height\":1654,\"caption\":\"SallesAdvocats.Com\"},\"image\":{\"@id\":\"https:\/\/sallesadvocats.com\/#\/schema\/logo\/image\/\"}}]}<\/script>\n<!-- \/ Yoast SEO plugin. -->","yoast_head_json":{"title":"Declaraci\u00f3 d'accesibilitat - SallesAdvocats.Com","robots":{"index":"index","follow":"follow","max-snippet":"max-snippet:-1","max-image-preview":"max-image-preview:large","max-video-preview":"max-video-preview:-1"},"canonical":"https:\/\/sallesadvocats.com\/es\/declaracio-daccesibilitat\/","og_locale":"es_ES","og_type":"article","og_title":"Declaraci\u00f3 d'accesibilitat - SallesAdvocats.Com","og_description":"Declaraci\u00f3 d&#8217;accesibilitat L\u2019empresa desenvolupadora del web www.sallesadvocats.com\u00a0s\u2019ha comprom\u00e8s a fer accessible el seu lloc web d\u2019acord amb el Reial decret 1112\/2018, de 7 de setembre, sobre l\u2019accessibilitat dels llocs web i aplicacions per a dispositius m\u00f2bils del sector p\u00fablic, o de desenvolupaments finan\u00e7ats amb fons europeus. Aquesta declaraci\u00f3 d\u2019accessibilitat s\u2019aplica al lloc web www.sallesadvocats.com, excloent-ne [&hellip;]","og_url":"https:\/\/sallesadvocats.com\/es\/declaracio-daccesibilitat\/","og_site_name":"SallesAdvocats.Com","article_modified_time":"2026-01-14T16:27:31+00:00","twitter_card":"summary_large_image","twitter_misc":{"Tiempo de lectura":"1 minuto"},"schema":{"@context":"https:\/\/schema.org","@graph":[{"@type":"WebPage","@id":"https:\/\/sallesadvocats.com\/declaracio-daccesibilitat\/","url":"https:\/\/sallesadvocats.com\/declaracio-daccesibilitat\/","name":"Declaraci\u00f3 d'accesibilitat - SallesAdvocats.Com","isPartOf":{"@id":"https:\/\/sallesadvocats.com\/#website"},"datePublished":"2025-11-06T13:17:22+00:00","dateModified":"2026-01-14T16:27:31+00:00","breadcrumb":{"@id":"https:\/\/sallesadvocats.com\/declaracio-daccesibilitat\/#breadcrumb"},"inLanguage":"es","potentialAction":[{"@type":"ReadAction","target":["https:\/\/sallesadvocats.com\/declaracio-daccesibilitat\/"]}]},{"@type":"BreadcrumbList","@id":"https:\/\/sallesadvocats.com\/declaracio-daccesibilitat\/#breadcrumb","itemListElement":[{"@type":"ListItem","position":1,"name":"Portada","item":"https:\/\/sallesadvocats.com\/"},{"@type":"ListItem","position":2,"name":"Declaraci\u00f3 d&#8217;accesibilitat"}]},{"@type":"WebSite","@id":"https:\/\/sallesadvocats.com\/#website","url":"https:\/\/sallesadvocats.com\/","name":"SallesAdvocats.Com","description":"","publisher":{"@id":"https:\/\/sallesadvocats.com\/#organization"},"potentialAction":[{"@type":"SearchAction","target":{"@type":"EntryPoint","urlTemplate":"https:\/\/sallesadvocats.com\/?s={search_term_string}"},"query-input":{"@type":"PropertyValueSpecification","valueRequired":true,"valueName":"search_term_string"}}],"inLanguage":"es"},{"@type":"Organization","@id":"https:\/\/sallesadvocats.com\/#organization","name":"SallesAdvocats.Com","url":"https:\/\/sallesadvocats.com\/","logo":{"@type":"ImageObject","inLanguage":"es","@id":"https:\/\/sallesadvocats.com\/#\/schema\/logo\/image\/","url":"https:\/\/sallesadvocats.com\/wp-content\/uploads\/2025\/10\/LOGO-ASV-BLAU.jpg","contentUrl":"https:\/\/sallesadvocats.com\/wp-content\/uploads\/2025\/10\/LOGO-ASV-BLAU.jpg","width":1048,"height":1654,"caption":"SallesAdvocats.Com"},"image":{"@id":"https:\/\/sallesadvocats.com\/#\/schema\/logo\/image\/"}}]}},"_links":{"self":[{"href":"https:\/\/sallesadvocats.com\/es\/wp-json\/wp\/v2\/pages\/790","targetHints":{"allow":["GET"]}}],"collection":[{"href":"https:\/\/sallesadvocats.com\/es\/wp-json\/wp\/v2\/pages"}],"about":[{"href":"https:\/\/sallesadvocats.com\/es\/wp-json\/wp\/v2\/types\/page"}],"author":[{"embeddable":true,"href":"https:\/\/sallesadvocats.com\/es\/wp-json\/wp\/v2\/users\/2"}],"replies":[{"embeddable":true,"href":"https:\/\/sallesadvocats.com\/es\/wp-json\/wp\/v2\/comments?post=790"}],"version-history":[{"count":7,"href":"https:\/\/sallesadvocats.com\/es\/wp-json\/wp\/v2\/pages\/790\/revisions"}],"predecessor-version":[{"id":905,"href":"https:\/\/sallesadvocats.com\/es\/wp-json\/wp\/v2\/pages\/790\/revisions\/905"}],"wp:attachment":[{"href":"https:\/\/sallesadvocats.com\/es\/wp-json\/wp\/v2\/media?parent=790"}],"curies":[{"name":"wp","href":"https:\/\/api.w.org\/{rel}","templated":true}]}}